{"id":3335,"date":"2018-05-24T21:02:16","date_gmt":"2018-05-24T19:02:16","guid":{"rendered":"https:\/\/www.wolfmaahn.de\/blog\/?page_id=3335"},"modified":"2018-05-25T20:00:51","modified_gmt":"2018-05-25T18:00:51","slug":"impressum-datenschutz","status":"publish","type":"page","link":"https:\/\/www.wolfmaahn.de\/blog\/impressum-datenschutz\/","title":{"rendered":"Impressum &#038; Datenschutz"},"content":{"rendered":"<h2>Wolf Maahn Management<\/h2>\n<p>Transmission Songs<br \/>\nPostfach 850340<br \/>\n51028 K\u00f6ln<br \/>\n<a class=\"blau\">Email schicken<\/a><br \/>\n<small>Autogrammw\u00fcnsche bitte nur per Post und mit<br \/>\nbeiliegendem, frankiertem R\u00fcckumschlag.<\/small><\/p>\n<h2>Fanclub<\/h2>\n<p>Kleine Helden<br \/>\nOsteroder Str. 2<br \/>\n40595 D\u00fcsseldorf<br \/>\n<a>Email schicken<\/a><br \/>\n<a href=\"http:\/\/www.maahnews.de\" target=\"_blank\" rel=\"noopener\">Offizielle Fanpage<\/a><\/p>\n<h2>Impressum<\/h2>\n<p>Inhaltlich Verantwortlich gem\u00e4\u00df \u00a7 10 Absatz 3 MDStV:<\/p>\n<p>Transmission Songs<br \/>\nWolf Maahn<br \/>\nPostfach 850340<br \/>\n51028 K\u00f6ln<br \/>\n<a class=\"blau\" href=\"mailto:info@wolfmaahn.de\">Email schicken<\/a><\/p>\n<p>Umsatzsteuer-Identifikationsnummer gem\u00e4\u00df \u00a7 27 a Umsatzsteuergesetz:<br \/>\nDE 122 909 005<\/p>\n<p>Haftungshinweis: Trotz sorgf\u00e4ltiger inhaltlicher Kontrolle \u00fcbernehmen wir keine Haftung f\u00fcr die Inhalte externer Links. F\u00fcr den Inhalt der verlinkten Seiten sind ausschlie\u00dflich deren Betreiber verantwortlich.<\/p>\n<p>&nbsp;<\/p>\n<h2>Datenschutzerkl\u00e4rung<\/h2>\n<p>&nbsp;<\/p>\n<ol>\n<li><strong> Datenschutz auf einen Blick<\/strong><\/li>\n<\/ol>\n<p>&nbsp;<\/p>\n<p><strong>Allgemeines<\/strong><\/p>\n<p>Wolf Maahn respektiert die Privatsph\u00e4re seiner Website-Besucher. Die folgenden Hinweise geben einen \u00dcberblick dar\u00fcber, was mit Ihren personenbezogenen Daten passiert, wenn Sie unsere Website besuchen. \u00a0Ausf\u00fchrliche Informationen zum Thema Datenschutz entnehmen Sie unserer unter diesem Text aufgef\u00fchrten Datenschutzerkl\u00e4rung.<\/p>\n<p><strong>Wie erfassen wir Ihre Daten?<\/strong><\/p>\n<p>Ihre Daten werden zum einen dadurch erhoben, dass Sie uns diese mitteilen. Hierbei kann es sich z.B. um Daten handeln, die Sie in ein Kontaktformular eingeben.<\/p>\n<p>Andere Daten werden automatisch beim Besuch der Website durch unsere IT-Systeme erfasst. Das sind vor allem technische Daten (z.B. Internetbrowser, Betriebssystem oder Uhrzeit des Seitenaufrufs). Die Erfassung dieser Daten erfolgt automatisch, sobald Sie unsere Website betreten.<\/p>\n<p><strong>Wof\u00fcr nutzen wir Ihre Daten?<\/strong><\/p>\n<p>Ein Teil der Daten wird erhoben, um eine fehlerfreie Bereitstellung der Website zu gew\u00e4hrleisten. Andere Daten k\u00f6nnen zur Analyse Ihres Nutzerverhaltens verwendet werden.<\/p>\n<p><strong>Welche Rechte haben Sie bez\u00fcglich Ihrer Daten?<\/strong><\/p>\n<p>Sie haben jederzeit das Recht unentgeltlich Auskunft \u00fcber Herkunft, Empf\u00e4nger und Zweck Ihrer gespeicherten personenbezogenen Daten zu erhalten. Sie haben au\u00dferdem ein Recht, die Berichtigung, Sperrung oder L\u00f6schung dieser Daten zu verlangen. Hierzu sowie zu weiteren Fragen zum Thema Datenschutz k\u00f6nnen Sie sich jederzeit unter der im Impressum angegebenen Adresse an uns wenden. Des Weiteren steht Ihnen ein Beschwerderecht bei der zust\u00e4ndigen Aufsichtsbeh\u00f6rde zu.<\/p>\n<p><strong>Analyse-Tools und Tools von Drittanbietern<\/strong><\/p>\n<p>Beim Besuch unserer Website kann Ihr Surf-Verhalten statistisch ausgewertet werden. Das geschieht vor allem mit Cookies und mit sogenannten Analyseprogrammen. Die Analyse Ihres Surf-Verhaltens erfolgt in der Regel anonym; das Surf-Verhalten kann nicht zu Ihnen zur\u00fcckverfolgt werden. Sie k\u00f6nnen dieser Analyse widersprechen oder sie durch die Nichtbenutzung bestimmter Tools verhindern. Detaillierte Informationen dazu finden Sie hier in unter Punkt 5.\u00a0 \u201cAnalyse Tools und Werbung\u201c. .Sie k\u00f6nnen dieser Analyse widersprechen. \u00dcber die Widerspruchsm\u00f6glichkeiten werden wir Sie in dieser Datenschutzerkl\u00e4rung informieren.<\/p>\n<p><strong>\u00a0<\/strong><\/p>\n<ol start=\"2\">\n<li><strong> Allgemeine Hinweise und Pflichtinformationen<\/strong><\/li>\n<\/ol>\n<p>&nbsp;<\/p>\n<p><strong>Datenschutz<\/strong><\/p>\n<p>Wir behandeln Ihre personenbezogenen Daten vertraulich und entsprechend der gesetzlichen Datenschutzvorschriften sowie dieser Datenschutzerkl\u00e4rung.<\/p>\n<p>Wenn Sie diese Website benutzen, werden verschiedene personenbezogene Daten erhoben. Personenbezogene Daten sind Daten, mit denen Sie pers\u00f6nlich identifiziert werden k\u00f6nnen. Die vorliegende Datenschutzerkl\u00e4rung erl\u00e4utert, welche Daten wir erheben und wof\u00fcr wir sie nutzen. Sie erl\u00e4utert auch, wie und zu welchem Zweck das geschieht.<\/p>\n<p>Wir weisen darauf hin, dass die Daten\u00fcbertragung im Internet (z.B. bei der Kommunikation per E-Mail) Sicherheitsl\u00fccken aufweisen kann. Ein l\u00fcckenloser Schutz der Daten vor dem Zugriff durch Dritte ist nicht m\u00f6glich.<\/p>\n<p><strong>Hinweis zur verantwortlichen Stelle<\/strong><\/p>\n<p>Die verantwortliche Stelle f\u00fcr die Datenverarbeitung auf dieser Website ist:<\/p>\n<p>Transmission Songs<br \/>\nWolf Maahn<br \/>\nPostfach 850340<br \/>\nD-51028 Koeln<\/p>\n<p><strong>Widerruf Ihrer Einwilligung zur Datenverarbeitung<\/strong><\/p>\n<p>Viele Datenverarbeitungsvorg\u00e4nge sind nur mit Ihrer ausdr\u00fccklichen Einwilligung m\u00f6glich. Sie k\u00f6nnen eine bereits erteilte Einwilligung jederzeit widerrufen. Dazu reicht eine formlose Mitteilung per E-Mail an uns. Die Rechtm\u00e4\u00dfigkeit der bis zum Widerruf erfolgten Datenverarbeitung bleibt vom Widerruf unber\u00fchrt.<\/p>\n<p><strong>Recht auf Daten\u00fcbertragbarkeit<\/strong><\/p>\n<p>Sie haben das Recht, Daten, die wir auf Grundlage Ihrer Einwilligung oder in Erf\u00fcllung eines Vertrags automatisiert verarbeiten, an sich oder an einen Dritten in einem g\u00e4ngigen, maschinenlesbaren Format aush\u00e4ndigen zu lassen. Sofern Sie die direkte \u00dcbertragung der Daten an einen anderen Verantwortlichen verlangen, erfolgt dies nur, soweit es technisch machbar ist.<\/p>\n<p><strong>SSL- bzw. TLS-Verschl\u00fcsselung<\/strong><\/p>\n<p>Diese Seite nutzt eventuell aus Sicherheitsgr\u00fcnden und zum Schutz der \u00dcbertragung vertraulicher Inhalte, wie zum Beispiel Bestellungen oder Anfragen, die Sie an uns als Seitenbetreiber senden, eine SSL-bzw. TLS-Verschl\u00fcsselung. Eine verschl\u00fcsselte Verbindung erkennen Sie daran, dass die Adresszeile des Browsers von \u201chttp:\/\/\u201d auf \u201chttps:\/\/\u201d wechselt und an dem Schloss-Symbol in Ihrer Browserzeile.<\/p>\n<p>Wenn die SSL- bzw. TLS-Verschl\u00fcsselung aktiviert ist, k\u00f6nnen die Daten, die Sie an uns \u00fcbermitteln, nicht von Dritten mitgelesen werden.<\/p>\n<p><strong>Auskunft, Sperrung, L\u00f6schung<\/strong><\/p>\n<p>Sie haben im Rahmen der geltenden gesetzlichen Bestimmungen jederzeit das Recht auf unentgeltliche Auskunft \u00fcber Ihre gespeicherten personenbezogenen Daten, deren Herkunft und Empf\u00e4nger und den Zweck der Datenverarbeitung und ggf. ein Recht auf Berichtigung, Sperrung oder L\u00f6schung dieser Daten. Hierzu sowie zu weiteren Fragen zum Thema personenbezogene Daten k\u00f6nnen Sie sich jederzeit unter der im Impressum angegebenen Adresse an uns wenden.<\/p>\n<p><strong>Widerspruch gegen Werbe-Mails<\/strong><\/p>\n<p>Der Nutzung von im Rahmen der Impressumspflicht ver\u00f6ffentlichten Kontaktdaten zur \u00dcbersendung von nicht ausdr\u00fccklich angeforderter Werbung und Informationsmaterialien wird hiermit widersprochen. Die Betreiber der Seiten behalten sich ausdr\u00fccklich rechtliche Schritte im Falle der unverlangten Zusendung von Werbeinformationen, etwa durch Spam-E-Mails, vor.<\/p>\n<p>&nbsp;<\/p>\n<ol start=\"3\">\n<li><strong> Datenerfassung auf unserer Website<\/strong><\/li>\n<\/ol>\n<p>&nbsp;<\/p>\n<p><strong>Cookies<\/strong><\/p>\n<p>Die Internetseiten verwenden teilweise so genannte Cookies. Cookies richten auf Ihrem Rechner keinen Schaden an und enthalten keine Viren. Cookies dienen dazu, unser Angebot nutzerfreundlicher, effektiver und sicherer zu machen. Cookies sind kleine Textdateien, die auf Ihrem Rechner abgelegt werden und die Ihr Browser speichert.<\/p>\n<p>Die meisten der von uns verwendeten Cookies sind so genannte \u201cSession-Cookies\u201d. Sie werden nach Ende Ihres Besuchs automatisch gel\u00f6scht. Andere Cookies bleiben auf Ihrem Endger\u00e4t gespeichert bis Sie diese l\u00f6schen. Diese Cookies erm\u00f6glichen es uns, Ihren Browser beim n\u00e4chsten Besuch wiederzuerkennen.<\/p>\n<p>Sie k\u00f6nnen Ihren Browser so einstellen, dass Sie \u00fcber das Setzen von Cookies informiert werden und Cookies nur im Einzelfall erlauben, die Annahme von Cookies f\u00fcr bestimmte F\u00e4lle oder generell ausschlie\u00dfen sowie das automatische L\u00f6schen der Cookies beim Schlie\u00dfen des Browser aktivieren. Bei der Deaktivierung von Cookies kann die Funktionalit\u00e4t dieser Website eingeschr\u00e4nkt sein:<\/p>\n<p><a href=\"https:\/\/support.microsoft.com\/de-de\/help\/17442\/windows-internet-explorer-delete-manage-cookies\">Internet Explorer<\/a><\/p>\n<p><a href=\"https:\/\/support.mozilla.org\/de\/kb\/cookies-erlauben-und-ablehnen\">Firefox<\/a><\/p>\n<p><a href=\"http:\/\/support.google.com\/chrome\/bin\/answer.py?hl=de&amp;hlrm=en&amp;answer=95647\">Chrome<\/a><\/p>\n<p><a href=\"https:\/\/support.apple.com\/kb\/ph21411?locale=de_DE\">Safari<\/a><\/p>\n<p><a href=\"http:\/\/help.opera.com\/Windows\/10.20\/de\/cookies.html\">Opera<\/a><\/p>\n<p>Cookies, die zur Durchf\u00fchrung des elektronischen Kommunikationsvorgangs oder zur Bereitstellung bestimmter, von Ihnen erw\u00fcnschter Funktionen (z.B. Warenkorbfunktion) erforderlich sind, werden auf Grundlage von Art. 6 Abs. 1 lit. f DSGVO gespeichert. Der Websitebetreiber hat ein berechtigtes Interesse an der Speicherung von Cookies zur technisch fehlerfreien und optimierten Bereitstellung seiner Dienste. Soweit andere Cookies (z.B. Cookies zur Analyse Ihres Surfverhaltens) gespeichert werden, werden diese in dieser Datenschutzerkl\u00e4rung gesondert behandelt.<\/p>\n<p><strong>Server-Log-Dateien<\/strong><\/p>\n<p>Der Provider der Seiten erhebt und speichert automatisch Informationen in so genannten Server-Log-Dateien, die Ihr Browser automatisch an uns \u00fcbermittelt. Dies sind:<\/p>\n<ul>\n<li>Browsertyp und Browserversion<\/li>\n<li>verwendetes Betriebssystem<\/li>\n<li>Referrer URL<\/li>\n<li>Hostname des zugreifenden Rechners<\/li>\n<li>Uhrzeit der Serveranfrage<\/li>\n<li>IP-Adresse<\/li>\n<\/ul>\n<p>Eine Zusammenf\u00fchrung dieser Daten mit anderen Datenquellen wird nicht vorgenommen.<\/p>\n<p>Grundlage f\u00fcr die Datenverarbeitung ist Art. 6 Abs. 1 lit. f DSGVO, der die Verarbeitung von Daten zur Erf\u00fcllung eines Vertrags oder vorvertraglicher Ma\u00dfnahmen gestattet.<\/p>\n<p><strong>Kontaktformular<\/strong><\/p>\n<p>Wenn Sie uns per Kontaktformular Anfragen zukommen lassen, werden Ihre Angaben aus dem Anfrageformular inklusive der von Ihnen dort angegebenen Kontaktdaten zwecks Bearbeitung der Anfrage und f\u00fcr den Fall von Anschlussfragen bei uns gespeichert. Diese Daten geben wir nicht ohne Ihre Einwilligung weiter.<\/p>\n<p>Die Verarbeitung der in das Kontaktformular eingegebenen Daten erfolgt somit ausschlie\u00dflich auf Grundlage Ihrer Einwilligung (Art. 6 Abs. 1 lit. a DSGVO). Sie k\u00f6nnen diese Einwilligung jederzeit widerrufen. Dazu reicht eine formlose Mitteilung per E-Mail an uns. Die Rechtm\u00e4\u00dfigkeit der bis zum Widerruf erfolgten Datenverarbeitungsvorg\u00e4nge bleibt vom Widerruf unber\u00fchrt.<\/p>\n<p>Die von Ihnen im Kontaktformular eingegebenen Daten verbleiben bei uns, bis Sie uns zur L\u00f6schung auffordern, Ihre Einwilligung zur Speicherung widerrufen oder der Zweck f\u00fcr die Datenspeicherung entf\u00e4llt (z.B. nach abgeschlossener Bearbeitung Ihrer Anfrage). Zwingende gesetzliche Bestimmungen \u2013 insbesondere Aufbewahrungsfristen \u2013 bleiben unber\u00fchrt.<\/p>\n<p>&nbsp;<\/p>\n<ol start=\"4\">\n<li><strong> Soziale Medien<\/strong><\/li>\n<\/ol>\n<p>&nbsp;<\/p>\n<p><strong>Facebook- , google+ und twitter Plugins (Like &amp; Share-Buttons)<\/strong><\/p>\n<p>Auf unseren Seiten sind Plugins folgender sozialen Netzwerke integriert:<\/p>\n<p>Facebook: Facebook Inc., 1 Hacker Way, Menlo Park, California 94025, USA,<\/p>\n<p>google+: \u00a0Google Inc., 1600 Amphitheatre Parkway, Mountain View, CA 94043, USA.<\/p>\n<p>twitter: twitter HQ: 1355 Market St #900, San Francisco, CA 94103, USA<\/p>\n<p>Die Plugins erkennen Sie an den kleinen Logos oder dem \u201cLike-Button\u201d (\u201cGef\u00e4llt mir\u201d) auf unserer Seite.<\/p>\n<p>Wenn Sie unsere Seiten besuchen, wird \u00fcber das Plugin eine direkte Verbindung zwischen Ihrem Browser und dem Facebook-Server hergestellt. Facebook, google+ und twitter erhalten dadurch die Information, dass Sie mit Ihrer IP-Adresse unsere Seite besucht haben. Wenn Sie einen \u201cLike-Button\u201d anklicken w\u00e4hrend Sie in dem sozialen Netzwerk Account eingeloggt sind, zu dem der Button geh\u00f6rt, k\u00f6nnen Sie die Inhalte unserer Seiten auf Ihrem dortigen Profil verlinken. Dadurch k\u00f6nnen facebook, google+ und twitter den Besuch unserer Seiten Ihrem Benutzerkonto zuordnen. Wir weisen darauf hin, dass wir als Anbieter der Seiten keine Kenntnis vom Inhalt der \u00fcbermittelten Daten sowie deren Nutzung durch diese Netzwerke erhalten.<\/p>\n<p>Wenn Sie nicht w\u00fcnschen, dass Facebook, google+ oder twitter den Besuch unserer Seiten Ihrem Nutzerkonto zuordnen k\u00f6nnen, loggen Sie sich bitte aus Ihrem jeweiligen Benutzerkonto aus.<\/p>\n<p>&nbsp;<\/p>\n<ol start=\"5\">\n<li><strong> Analyse Tools und Werbung<\/strong><\/li>\n<\/ol>\n<p>&nbsp;<\/p>\n<p><strong>Matomo<\/strong><\/p>\n<p>wolfmaahn.de nutzt\u00a0den Web Analyse Dienst Matomo (zuvor \u201ePiwik\u201c). Betreiber ist die InnoCraft Ltd, 150 Willis St, 6011 Wellington, New Zealand<strong>, <\/strong><a href=\"mailto:contact@innocraft.com\">contact@innocraft.com<\/a> \u00dcber deren Datenschutz erfahren sie genaueres hier: <a href=\"https:\/\/matomo.org\/privacy-policy\/\">https:\/\/matomo.org\/privacy-policy\/<\/a><\/p>\n<p>Diese Website zeichnet auf welche Seiten bei wolfmaahn.de Sie sich wann anschauen. Dies erfolgt anonym, das hei\u00dft Ihre IP Adresse wird ausschlie\u00dflich verk\u00fcrzt gespeichert. Falls Sie trotzdem nicht erfasst werden m\u00f6chten, folgen Sie diesem Link: https:\/\/www.wolfmaahn.de\/statistic\/index.php?module=CoreAdminHome&amp;action=optOut&amp;language=de<\/p>\n<p>&nbsp;<\/p>\n<ol start=\"6\">\n<li><strong> Newsletter<\/strong><\/li>\n<\/ol>\n<p>&nbsp;<\/p>\n<p>Zur Anmeldung f\u00fcr den Newsletter wird Ihre Email-Adresse ben\u00f6tigt. Sie wird nicht an Dritte weitergegeben. Die Anmeldung wird in einer Liste elektronisch gespeichert. Nach der Anmeldung erhalten sie eine Email, in der Sie um Best\u00e4tigung der Anmeldung gebeten werden. Rechtsgrundlage f\u00fcr den Versand des Newsletters ist Ihre Einwilligung gem. Art. 6 Abs. 1 S. 1 a)<\/p>\n<p>Wenn Sie an Gewinnspielen teilnehmen, die \u00fcber den Newsletter ausgerichtet werden, werden die hierf\u00fcr notwendigen Informationen zu deren Durchf\u00fchrung genutzt.<\/p>\n<p>Sie k\u00f6nnen jederzeit Ihre Einwilligung zum Empfang des Newsletters widerrufen und ihn hier abbestellen: <a href=\"https:\/\/www.wolfmaahn.de\/maahnmail.php\">https:\/\/www.wolfmaahn.de\/maahnmail.php<\/a><\/p>\n<p>Die von Ihnen zum Zwecke des Newsletter-Bezugs bei uns hinterlegten Daten werden von uns bis zu Ihrer Austragung aus dem Newsletter gespeichert und nach der Abbestellung des Newsletters gel\u00f6scht. Daten, die zu anderen Zwecken bei uns gespeichert wurden (z.B. E-Mail-Adressen f\u00fcr den Mitgliederbereich) bleiben hiervon unber\u00fchrt.<\/p>\n<p>&nbsp;<\/p>\n<ol start=\"7\">\n<li><strong> Plugins und Tools<\/strong><\/li>\n<\/ol>\n<p>&nbsp;<\/p>\n<p><strong>YouTube<\/strong><\/p>\n<p>Unsere Website nutzt Plugins der von Google betriebenen Seite YouTube. Betreiber der Seiten ist die YouTube, LLC, 901 Cherry Ave., San Bruno, CA 94066, USA.<\/p>\n<p>Wenn Sie eine unserer mit einem YouTube-Plugin ausgestatteten Seiten besuchen, wird eine Verbindung zu den Servern von YouTube hergestellt. Dabei wird dem YouTube-Server mitgeteilt, welche unserer Seiten Sie besucht haben.<\/p>\n<p>Wenn Sie in Ihrem YouTube-Account eingeloggt sind, erm\u00f6glichen Sie YouTube, Ihr Surfverhalten direkt Ihrem pers\u00f6nlichen Profil zuzuordnen. Dies k\u00f6nnen Sie verhindern, indem Sie sich aus Ihrem YouTube-Account ausloggen.<\/p>\n<p>Die Nutzung von YouTube erfolgt im Interesse einer ansprechenden Darstellung unserer Online-Angebote. Dies stellt ein berechtigtes Interesse im Sinne von Art. 6 Abs. 1 lit. f DSGVO dar.<\/p>\n<p>Weitere Informationen zum Umgang mit Nutzerdaten finden Sie in der Datenschutzerkl\u00e4rung von YouTube unter:\u00a0<a href=\"https:\/\/www.google.de\/intl\/de\/policies\/privacy\">https:\/\/www.google.de\/intl\/de\/policies\/privacy<\/a>.<\/p>\n<p><strong>Google Web Fonts<\/strong><\/p>\n<p>Diese Seite nutzt zur einheitlichen Darstellung von Schriftarten so genannte Web Fonts, die von Google bereitgestellt werden. Beim Aufruf einer Seite l\u00e4dt Ihr Browser die ben\u00f6tigten Web Fonts in ihren Browsercache, um Texte und Schriftarten korrekt anzuzeigen.<\/p>\n<p>Zu diesem Zweck muss der von Ihnen verwendete Browser Verbindung zu den Servern von Google aufnehmen. Hierdurch erlangt Google Kenntnis dar\u00fcber, dass \u00fcber Ihre IP-Adresse unsere Website aufgerufen wurde. Die Nutzung von Google Web Fonts erfolgt im Interesse einer einheitlichen und ansprechenden Darstellung unserer Online-Angebote. Dies stellt ein berechtigtes Interesse im Sinne von Art. 6 Abs. 1 lit. f DSGVO dar.<\/p>\n<p>Wenn Ihr Browser Web Fonts nicht unterst\u00fctzt, wird eine Standardschrift von Ihrem Computer genutzt.<\/p>\n<p>Weitere Informationen zu Google Web Fonts finden Sie unter\u00a0<a href=\"https:\/\/developers.google.com\/fonts\/faq\">https:\/\/developers.google.com\/fonts\/faq<\/a>\u00a0und in der Datenschutzerkl\u00e4rung von Google:\u00a0<a href=\"https:\/\/www.google.com\/policies\/privacy\/\">https:\/\/www.google.com\/policies\/privacy\/<\/a>.<\/p>\n<p><strong>Google Maps<\/strong><\/p>\n<p>Diese Seite nutzt \u00fcber eine API den Kartendienst Google Maps. Anbieter ist die Google Inc., 1600 Amphitheatre Parkway, Mountain View, CA 94043, USA.<\/p>\n<p>Zur Nutzung der Funktionen von Google Maps ist es notwendig, Ihre IP Adresse zu speichern. Diese Informationen werden in der Regel an einen Server von Google in den USA \u00fcbertragen und dort gespeichert. Der Anbieter dieser Seite hat keinen Einfluss auf diese Daten\u00fcbertragung.<\/p>\n<p>Die Nutzung von Google Maps erfolgt im Interesse einer ansprechenden Darstellung unserer Online-Angebote und an einer leichten Auffindbarkeit der von uns auf der Website angegebenen Orte. Dies stellt ein berechtigtes Interesse im Sinne von Art. 6 Abs. 1 lit. f DSGVO dar.<\/p>\n<p>Mehr Informationen zum Umgang mit Nutzerdaten finden Sie in der Datenschutzerkl\u00e4rung von Google:\u00a0<a href=\"https:\/\/www.google.de\/intl\/de\/policies\/privacy\/\">https:\/\/www.google.de\/intl\/de\/policies\/privacy\/<\/a>.<\/p>\n<p><strong>Spotify<\/strong><\/p>\n<p>Auf unseren Seiten k\u00f6nnen Funktionen des Musik-Dienstes Spotify eingebunden sein. Anbieter ist die Spotify AB, Birger Jarlsgatan 61, 113 56 Stockholm in Schweden. Die Spotify Plugins erkennen Sie an dem gr\u00fcnen Logo auf unserer Seite. Eine \u00dcbersicht \u00fcber die Spotify-Plugins finden Sie unter:\u00a0<a href=\"https:\/\/developer.spotify.com\">https:\/\/developer.spotify.com<\/a>.<\/p>\n<p>Dadurch kann beim Besuch unserer Seiten \u00fcber das Plugin eine direkte Verbindung zwischen Ihrem Browser und dem Spotify-Server hergestellt werden. Spotify erh\u00e4lt dadurch die Information, dass Sie mit Ihrer IP-Adresse unsere Seite besucht haben. Wenn Sie den Spotify Button anklicken w\u00e4hrend Sie in Ihrem Spotify-Account eingeloggt sind, k\u00f6nnen Sie die Inhalte unserer Seiten auf Ihrem Spotify Profil verlinken. Dadurch kann Spotify den Besuch unserer Seiten Ihrem Benutzerkonto zuordnen.<\/p>\n<p>Weitere Informationen hierzu finden Sie in der Datenschutzerkl\u00e4rung von Spotify:\u00a0<a href=\"https:\/\/www.spotify.com\/de\/legal\/privacy-policy\/\">https:\/\/www.spotify.com\/de\/legal\/privacy-policy\/<\/a>.<\/p>\n<p>Wenn Sie nicht w\u00fcnschen, dass Spotify den Besuch unserer Seiten Ihrem Spotify-Nutzerkonto zuordnen kann, loggen Sie sich bitte aus Ihrem Spotify-Benutzerkonto aus.<\/p>\n<p>&nbsp;<\/p>\n<ol start=\"8\">\n<li><strong>wolfmaahn.de Shop<\/strong><\/li>\n<\/ol>\n<p>&nbsp;<\/p>\n<p>Mit unserer Website ist der wolfmaahn.de Shop verkn\u00fcpft. Er wird betrieben von<\/p>\n<p>TMR Merchandise GmbH<br \/>\nHeinrich-Roller-Stra\u00dfe 16b<br \/>\n10405 Berlin<br \/>\n<a href=\"mailto:kundenservice@themerchrepublic.com\">kundenservice@themerchrepublic.com<\/a><\/p>\n<p>Es gelten die AGB und die Datenschutzerkl\u00e4rung von TMR Merchandise GmbH.\u00a0 Sie finden sie hier:<\/p>\n<p>AGB:<br \/>\n<a href=\"https:\/\/wolfmaahn.themerchrepublic.com\/showtext\/agb\/de,0,0,0,28.html\">https:\/\/wolfmaahn.themerchrepublic.com\/showtext\/agb\/de,0,0,0,28.html<\/a><\/p>\n<p>Datenschutzerkl\u00e4rung:<br \/>\n<a href=\"https:\/\/wolfmaahn.themerchrepublic.com\/showtext\/datenschutzerklaerung\/de,0,0,0,89.html\">https:\/\/wolfmaahn.themerchrepublic.com\/showtext\/datenschutzerklaerung\/de,0,0,0,89.html<\/a><\/p>\n<p>&nbsp;<\/p>\n<p>&nbsp;<\/p>\n<p>&nbsp;<\/p>\n<p>Wir danken den Entwicklern\u00a0folgender Frameworks:<\/p>\n<ul>\n<li><a href=\"http:\/\/960.gs\/\">960 Grid System<\/a><\/li>\n<li><a href=\"http:\/\/www.kigkonsult.se\/iCalcreator\/\">iCalcreator<\/a><\/li>\n<li><a href=\"http:\/\/somerandomdude.com\/projects\/iconic\/\">Iconic Icon Set<\/a><\/li>\n<li><a href=\"http:\/\/jquery.com\">jQuery JavaScript library<\/a><\/li>\n<li><a href=\"http:\/\/piwik.org\/\">Piwik<\/a><\/li>\n<li><a href=\"http:\/\/simplepie.org\/\">SimplePie<\/a><\/li>\n<li><a href=\"http:\/\/wordpress.org\/\">WordPress<\/a><\/li>\n<\/ul>\n","protected":false},"excerpt":{"rendered":"<p>Wolf Maahn Management Transmission Songs Postfach 850340 51028 K\u00f6ln Email schicken Autogrammw\u00fcnsche bitte nur per Post und mit beiliegendem, frankiertem R\u00fcckumschlag. Fanclub Kleine Helden Osteroder Str. 2 40595 D\u00fcsseldorf Email schicken Offizielle Fanpage Impressum Inhaltlich Verantwortlich gem\u00e4\u00df \u00a7 10 Absatz 3 MDStV: Transmission Songs Wolf Maahn Postfach 850340 51028 K\u00f6ln Email schicken Umsatzsteuer-Identifikationsnummer gem\u00e4\u00df \u00a7 [&hellip;]<\/p>\n","protected":false},"author":5,"featured_media":0,"parent":0,"menu_order":0,"comment_status":"closed","ping_status":"closed","template":"impressum.php","meta":{"footnotes":""},"class_list":["post-3335","page","type-page","status-publish","hentry"],"_links":{"self":[{"href":"https:\/\/www.wolfmaahn.de\/blog\/wp-json\/wp\/v2\/pages\/3335","targetHints":{"allow":["GET"]}}],"collection":[{"href":"https:\/\/www.wolfmaahn.de\/blog\/wp-json\/wp\/v2\/pages"}],"about":[{"href":"https:\/\/www.wolfmaahn.de\/blog\/wp-json\/wp\/v2\/types\/page"}],"author":[{"embeddable":true,"href":"https:\/\/www.wolfmaahn.de\/blog\/wp-json\/wp\/v2\/users\/5"}],"replies":[{"embeddable":true,"href":"https:\/\/www.wolfmaahn.de\/blog\/wp-json\/wp\/v2\/comments?post=3335"}],"version-history":[{"count":21,"href":"https:\/\/www.wolfmaahn.de\/blog\/wp-json\/wp\/v2\/pages\/3335\/revisions"}],"predecessor-version":[{"id":3356,"href":"https:\/\/www.wolfmaahn.de\/blog\/wp-json\/wp\/v2\/pages\/3335\/revisions\/3356"}],"wp:attachment":[{"href":"https:\/\/www.wolfmaahn.de\/blog\/wp-json\/wp\/v2\/media?parent=3335"}],"curies":[{"name":"wp","href":"https:\/\/api.w.org\/{rel}","templated":true}]}}